{"id":21945,"date":"2014-06-02T09:22:38","date_gmt":"2014-06-02T09:22:38","guid":{"rendered":"http:\/\/www.miquelmorell.com\/empresa-2\/"},"modified":"2015-09-28T07:29:34","modified_gmt":"2015-09-28T07:29:34","slug":"empresa","status":"publish","type":"page","link":"https:\/\/miquelmorell.com\/de\/empresa\/","title":{"rendered":"Firma"},"content":{"rendered":"<div class=\"wpb-content-wrapper\"><p>[vc_row row_type=&#8220;row&#8220; use_row_as_full_screen_section=&#8220;no&#8220; type=&#8220;full_width&#8220; icon_pack=&#8220;font_awesome&#8220; content_menu_fe_icon=&#8220;arrow_back&#8220; text_align=&#8220;left&#8220;][vc_column width=&#8220;1\/1&#8243;][\/vc_column][\/vc_row][vc_row row_type=&#8220;row&#8220; use_row_as_full_screen_section=&#8220;no&#8220; type=&#8220;grid&#8220; icon_pack=&#8220;font_awesome&#8220; content_menu_fe_icon=&#8220;arrow_back&#8220; text_align=&#8220;left&#8220; padding_top=&#8220;50&#8243; padding_bottom=&#8220;50&#8243;][vc_column width=&#8220;1\/2&#8243;][vc_single_image image=&#8220;22058&#8243; border_color=&#8220;grey&#8220; img_link_target=&#8220;_self&#8220; img_size=&#8220;full&#8220;][\/vc_column][vc_column width=&#8220;1\/2&#8243;][vc_column_text]<strong>Qualit\u00e4t und Suche nach Perfektion in den Details sind die Erkennungszeichen dieses Unternehmens, dessen Kerngesch\u00e4ft der Umbau und die Errichtung von Wohnimmobilien ist.<\/strong><\/p>\n<p><strong>Miquel Morell<\/strong> gr\u00fcndete nach langj\u00e4hriger Erfahrung in der Baubranche dieses Unternehmen, das sich aus einem jungen, dynamischen Mitarbeiterteam zusammensetzt, und stellt seinen Kunden ein breit gef\u00e4chertes Leistungsangebot zur Verf\u00fcgung, um an Ort und Stelle Projekte und Ideen umzusetzen&#8230; kurz: um ein Zuhause zu schaffen.<\/p>\n<p>Unser Standort in der gro\u00dfartigen und einmaligen Gegend der Sierra de Tramuntana, die M\u00f6glichkeiten, die uns die Natur bietet, um traditionelle Baustile mit neuen Tendenzen und<\/p>\n<p><strong>Materialien zu kombinieren, und die Vereinigung von Landschaft und Architektur sorgen daf\u00fcr, dass unsere Bauvorhaben und Ausf\u00fchrungen einzigartig und originell sind.<\/strong><\/p>\n<p><strong>Planung und Koordination sind die Schl\u00fcssel<\/strong> f\u00fcr eine erfolgreiche Realisierung eines Projektes, um all den W\u00fcnschen des Kunden gerecht zu werden. Zusammen mit unserem Service umfasst unser Leistungsspektrum auch die folgenden Handwerksbereiche: Elektriker, Klempner, Schreiner, Anstreicher, Stuckateur, Pladur-Ausf\u00fchrungen, Schmied, Trockenmauerbauer, Swimmingpoolbau und noch vieles mehr. Dadurch wird f\u00fcr eine einwandfreie Planung und Ausf\u00fchrung, unter der \u00dcberwachung und F\u00fchrung einer einzigen Person, gesorgt.[\/vc_column_text][\/vc_column][\/vc_row]<\/p>\n<\/div>","protected":false},"excerpt":{"rendered":"<p>[vc_row row_type=&#8220;row&#8220; use_row_as_full_screen_section=&#8220;no&#8220; type=&#8220;full_width&#8220; icon_pack=&#8220;font_awesome&#8220; content_menu_fe_icon=&#8220;arrow_back&#8220; text_align=&#8220;left&#8220;][vc_column width=&#8220;1\/1&#8243;][\/vc_column][\/vc_row][vc_row row_type=&#8220;row&#8220; use_row_as_full_screen_section=&#8220;no&#8220; type=&#8220;grid&#8220; icon_pack=&#8220;font_awesome&#8220; content_menu_fe_icon=&#8220;arrow_back&#8220; text_align=&#8220;left&#8220; padding_top=&#8220;50&#8243; padding_bottom=&#8220;50&#8243;][vc_column width=&#8220;1\/2&#8243;][vc_single_image image=&#8220;22058&#8243; border_color=&#8220;grey&#8220; img_link_target=&#8220;_self&#8220; img_size=&#8220;full&#8220;][\/vc_column][vc_column width=&#8220;1\/2&#8243;][vc_column_text]Qualit\u00e4t und Suche nach Perfektion in den Details sind die Erkennungszeichen dieses Unternehmens, dessen Kerngesch\u00e4ft der Umbau und die Errichtung von Wohnimmobilien ist. Miquel&#8230;<\/p>\n","protected":false},"author":1,"featured_media":0,"parent":0,"menu_order":0,"comment_status":"open","ping_status":"open","template":"full_width.php","meta":{"footnotes":""},"class_list":["post-21945","page","type-page","status-publish","hentry"],"_links":{"self":[{"href":"https:\/\/miquelmorell.com\/de\/wp-json\/wp\/v2\/pages\/21945","targetHints":{"allow":["GET"]}}],"collection":[{"href":"https:\/\/miquelmorell.com\/de\/wp-json\/wp\/v2\/pages"}],"about":[{"href":"https:\/\/miquelmorell.com\/de\/wp-json\/wp\/v2\/types\/page"}],"author":[{"embeddable":true,"href":"https:\/\/miquelmorell.com\/de\/wp-json\/wp\/v2\/users\/1"}],"replies":[{"embeddable":true,"href":"https:\/\/miquelmorell.com\/de\/wp-json\/wp\/v2\/comments?post=21945"}],"version-history":[{"count":3,"href":"https:\/\/miquelmorell.com\/de\/wp-json\/wp\/v2\/pages\/21945\/revisions"}],"predecessor-version":[{"id":22063,"href":"https:\/\/miquelmorell.com\/de\/wp-json\/wp\/v2\/pages\/21945\/revisions\/22063"}],"wp:attachment":[{"href":"https:\/\/miquelmorell.com\/de\/wp-json\/wp\/v2\/media?parent=21945"}],"curies":[{"name":"wp","href":"https:\/\/api.w.org\/{rel}","templated":true}]}}