{"id":21946,"date":"2014-06-02T09:22:38","date_gmt":"2014-06-02T09:22:38","guid":{"rendered":"http:\/\/www.miquelmorell.com\/empresa-2\/"},"modified":"2015-09-28T07:34:22","modified_gmt":"2015-09-28T07:34:22","slug":"empresa","status":"publish","type":"page","link":"https:\/\/miquelmorell.com\/ca\/empresa\/","title":{"rendered":"Empresa"},"content":{"rendered":"<div class=\"wpb-content-wrapper\"><p>[vc_row row_type=&#8221;row&#8221; use_row_as_full_screen_section=&#8221;no&#8221; type=&#8221;full_width&#8221; icon_pack=&#8221;font_awesome&#8221; content_menu_fe_icon=&#8221;arrow_back&#8221; text_align=&#8221;left&#8221;][vc_column width=&#8221;1\/1&#8243;][\/vc_column][\/vc_row][vc_row row_type=&#8221;row&#8221; use_row_as_full_screen_section=&#8221;no&#8221; type=&#8221;grid&#8221; icon_pack=&#8221;font_awesome&#8221; content_menu_fe_icon=&#8221;arrow_back&#8221; text_align=&#8221;left&#8221; padding_top=&#8221;50&#8243; padding_bottom=&#8221;50&#8243;][vc_column width=&#8221;1\/2&#8243;][vc_single_image image=&#8221;22058&#8243; border_color=&#8221;grey&#8221; img_link_target=&#8221;_self&#8221; img_size=&#8221;full&#8221;][\/vc_column][vc_column width=&#8221;1\/2&#8243;][vc_column_text]<strong>Qualitat i recerca de la perfecci\u00f3 en els detalls s\u00f3n les senyes d\u2019aquesta empresa dedicada a la reforma i construcci\u00f3 de vivendes.<\/strong><\/p>\n<p>Avalat per anys d\u2019experi\u00e8ncia en el sector de la construcci\u00f3, <strong>Miquel Morell<\/strong> va crear aquesta empresa formada per un<strong> equip jove i din\u00e0mic<\/strong>, posant a la disposici\u00f3 dels seus clients una gran diversitat de mitjans per a poder plasmar sobre el terreny, projectes, idees,&#8230; en definitiva, <strong>per a crear un lloc per a viure<\/strong>.<\/p>\n<p>Establerts dins uns marc excepcional i \u00fanic, com \u00e9s la Serra de Tramuntana, les possibilitats que ens ofereix el medi per a poder combinar estil de construcci\u00f3 tradicional amb noves<\/p>\n<p>tend\u00e8ncies i materials, la comuni\u00f3 entre paisatge i arquitectura, fan que <strong>les nostres obres i projectes siguin \u00fanics i originals<\/strong>.<\/p>\n<p><strong>Planificaci\u00f3 i coordinaci\u00f3<\/strong> s\u00f3n les claus per a que un projecte tengui un final que es correspongui amb els desitjos del client. Per aix\u00f2 oferim, juntament amb els nostres, els serveis de llanterner, electricista, fuster, pintor, guixaire, feines de Pladur, ferrer, marger, piscines i un ampli etc\u00e8tera per a que, d\u2019aquesta manera, el conjunt de treballs a realitzar segueixi les passes i l\u2019ordre necessaris, baix el control i direcci\u00f3 d\u2019una \u00fanica persona.[\/vc_column_text][\/vc_column][\/vc_row]<\/p>\n<\/div>","protected":false},"excerpt":{"rendered":"<p>[vc_row row_type=&#8221;row&#8221; use_row_as_full_screen_section=&#8221;no&#8221; type=&#8221;full_width&#8221; icon_pack=&#8221;font_awesome&#8221; content_menu_fe_icon=&#8221;arrow_back&#8221; text_align=&#8221;left&#8221;][vc_column width=&#8221;1\/1&#8243;][\/vc_column][\/vc_row][vc_row row_type=&#8221;row&#8221; use_row_as_full_screen_section=&#8221;no&#8221; type=&#8221;grid&#8221; icon_pack=&#8221;font_awesome&#8221; content_menu_fe_icon=&#8221;arrow_back&#8221; text_align=&#8221;left&#8221; padding_top=&#8221;50&#8243; padding_bottom=&#8221;50&#8243;][vc_column width=&#8221;1\/2&#8243;][vc_single_image image=&#8221;22058&#8243; border_color=&#8221;grey&#8221; img_link_target=&#8221;_self&#8221; img_size=&#8221;full&#8221;][\/vc_column][vc_column width=&#8221;1\/2&#8243;][vc_column_text]Qualitat i recerca de la perfecci\u00f3 en els detalls s\u00f3n les senyes d\u2019aquesta empresa dedicada a la reforma i construcci\u00f3 de vivendes. Avalat per&#8230;<\/p>\n","protected":false},"author":1,"featured_media":0,"parent":0,"menu_order":0,"comment_status":"open","ping_status":"open","template":"full_width.php","meta":{"footnotes":""},"class_list":["post-21946","page","type-page","status-publish","hentry"],"_links":{"self":[{"href":"https:\/\/miquelmorell.com\/ca\/wp-json\/wp\/v2\/pages\/21946","targetHints":{"allow":["GET"]}}],"collection":[{"href":"https:\/\/miquelmorell.com\/ca\/wp-json\/wp\/v2\/pages"}],"about":[{"href":"https:\/\/miquelmorell.com\/ca\/wp-json\/wp\/v2\/types\/page"}],"author":[{"embeddable":true,"href":"https:\/\/miquelmorell.com\/ca\/wp-json\/wp\/v2\/users\/1"}],"replies":[{"embeddable":true,"href":"https:\/\/miquelmorell.com\/ca\/wp-json\/wp\/v2\/comments?post=21946"}],"version-history":[{"count":2,"href":"https:\/\/miquelmorell.com\/ca\/wp-json\/wp\/v2\/pages\/21946\/revisions"}],"predecessor-version":[{"id":22065,"href":"https:\/\/miquelmorell.com\/ca\/wp-json\/wp\/v2\/pages\/21946\/revisions\/22065"}],"wp:attachment":[{"href":"https:\/\/miquelmorell.com\/ca\/wp-json\/wp\/v2\/media?parent=21946"}],"curies":[{"name":"wp","href":"https:\/\/api.w.org\/{rel}","templated":true}]}}